{"id":87,"date":"2021-10-19T07:42:34","date_gmt":"2021-10-19T07:42:34","guid":{"rendered":"https:\/\/jaslice-kranj.si\/?page_id=87"},"modified":"2025-12-24T19:14:39","modified_gmt":"2025-12-24T19:14:39","slug":"domov","status":"publish","type":"page","link":"https:\/\/jaslice-kranj.si\/","title":{"rendered":"Jaslice"},"content":{"rendered":"<h2 style=\"text-align: left;\"><strong><span dir=\"auto\" style=\"vertical-align: inherit;\"><span dir=\"auto\" style=\"vertical-align: inherit;\">ZBORNIK OB 20. OBLETNICI <\/span><\/span><img loading=\"lazy\" decoding=\"async\" class=\"alignright wp-image-467\" src=\"https:\/\/jaslice-kranj.si\/wp-content\/uploads\/2025\/12\/Slika-zbornik-300x285.jpg\" alt=\"\" width=\"308\" height=\"292\" srcset=\"https:\/\/jaslice-kranj.si\/wp-content\/uploads\/2025\/12\/Slika-zbornik-300x285.jpg 300w, https:\/\/jaslice-kranj.si\/wp-content\/uploads\/2025\/12\/Slika-zbornik.jpg 531w\" sizes=\"auto, (max-width: 308px) 100vw, 308px\" \/>&nbsp; &nbsp; &nbsp; &nbsp; <\/strong><strong><span dir=\"auto\" style=\"vertical-align: inherit;\"><span dir=\"auto\" style=\"vertical-align: inherit;\">POSTAVLJANJA JASLI\u010c V \u017dUPNIJI KRANJ<\/span><\/span><\/strong><\/h2>\n<p><strong><span dir=\"auto\" style=\"vertical-align: inherit;\"><span dir=\"auto\" style=\"vertical-align: inherit;\">MED SLAMO, LESOM IN LU\u010cJO,<\/span><\/span><\/strong><span dir=\"auto\" style=\"vertical-align: inherit;\"><span dir=\"auto\" style=\"vertical-align: inherit;\"> je naslov zbornika, ki smo ga pripravili ob 20. obletnici postavljanja jaslic v kranjski \u017eupnijski cerkvi. V zborniku je predstavljeno na\u0161e delo in zgodovina kranjskih jaslic. Knji\u017eica ima 46 strani in 157 fotografij. Zbrane prostovoljne darove od zbornika, bomo porabili za potrebe jaslic. Zbornik boste lahko prevzeli v \u017eupni\u0161\u010du (med uradnimi urami) ali ga naro\u010dili na: jaslice.kranj@gmail.com.<\/span><\/span><\/p>\n<h4>&nbsp;<\/h4>\n<h4>&nbsp;<\/h4>\n<h4 style=\"text-align: center;\"><em><span style=\"vertical-align: inherit;\"><span style=\"vertical-align: inherit;\"><span style=\"vertical-align: inherit;\"><span style=\"vertical-align: inherit;\"><span style=\"vertical-align: inherit;\"><span style=\"vertical-align: inherit;\"><span style=\"vertical-align: inherit;\"><span style=\"vertical-align: inherit;\"><span style=\"vertical-align: inherit;\"><span style=\"vertical-align: inherit;\"><span style=\"vertical-align: inherit;\"><span style=\"vertical-align: inherit;\"><span style=\"vertical-align: inherit;\"><span dir=\"auto\" style=\"vertical-align: inherit;\"><span dir=\"auto\" style=\"vertical-align: inherit;\"><span dir=\"auto\" style=\"vertical-align: inherit;\"><span dir=\"auto\" style=\"vertical-align: inherit;\">Jaslice predstavljajo umetni\u0161ko upodobitev rojstva Jezusa Kristusa.<\/span><\/span><\/span><\/span><\/span><\/span><\/span><\/span><\/span><\/span><\/span><\/span><\/span><\/span><\/span><\/span><\/span><\/em><\/h4>\n<h4 style=\"text-align: center;\"><em><span style=\"vertical-align: inherit;\"><span style=\"vertical-align: inherit;\"><span style=\"vertical-align: inherit;\"><span style=\"vertical-align: inherit;\"><span style=\"vertical-align: inherit;\"><span style=\"vertical-align: inherit;\"><span style=\"vertical-align: inherit;\"><span style=\"vertical-align: inherit;\"><span style=\"vertical-align: inherit;\"><span style=\"vertical-align: inherit;\"><span style=\"vertical-align: inherit;\"><span style=\"vertical-align: inherit;\"><span style=\"vertical-align: inherit;\"><span dir=\"auto\" style=\"vertical-align: inherit;\"><span dir=\"auto\" style=\"vertical-align: inherit;\"><span dir=\"auto\" style=\"vertical-align: inherit;\"><span dir=\"auto\" style=\"vertical-align: inherit;\">Nagovarjajo nas z znamenji in simboli, da bi se bolje poglobili v razmi\u0161ljanju o vsem, kar je Bo\u017ejega.<\/span><\/span><\/span><\/span><\/span><\/span><\/span><\/span><\/span><\/span><\/span><\/span><\/span><\/span><\/span><\/span><\/span><\/em><\/h4>\n<h4 style=\"text-align: center;\"><em><span style=\"vertical-align: inherit;\"><span style=\"vertical-align: inherit;\"><span style=\"vertical-align: inherit;\"><span style=\"vertical-align: inherit;\"><span style=\"vertical-align: inherit;\"><span style=\"vertical-align: inherit;\"><span style=\"vertical-align: inherit;\"><span style=\"vertical-align: inherit;\"><span style=\"vertical-align: inherit;\"><span style=\"vertical-align: inherit;\"><span style=\"vertical-align: inherit;\"><span style=\"vertical-align: inherit;\"><span style=\"vertical-align: inherit;\"><span dir=\"auto\" style=\"vertical-align: inherit;\"><span dir=\"auto\" style=\"vertical-align: inherit;\"><span dir=\"auto\" style=\"vertical-align: inherit;\"><span dir=\"auto\" style=\"vertical-align: inherit;\">Hkrati nas vabijo k miru v ljudi in med njimi.<\/span><\/span><\/span><\/span><\/span><\/span><\/span><\/span><\/span><\/span><\/span><\/span><\/span><\/span><\/span><\/span><\/span><\/em><\/h4>\n","protected":false},"excerpt":{"rendered":"<p>ZBORNIK OB 20. OBLETNICI &nbsp; &nbsp; &nbsp; &nbsp; POSTAVLJANJA JASLI\u010c V \u017dUPNIJI KRANJ MED SLAMO, LESOM IN LU\u010cJO, je naslov zbornika, ki smo ga pripravili ob 20. obletnici postavljanja jaslic v kranjski \u017eupnijski cerkvi. V zborniku je predstavljeno na\u0161e delo in zgodovina kranjskih jaslic. Knji\u017eica ima 46 strani in 157 fotografij. Zbrane prostovoljne darove od zbornika, bomo porabili za potrebe jaslic. Zbornik boste lahko prevzeli v \u017eupni\u0161\u010du (med uradnimi urami) ali ga naro\u010dili na: jaslice.kranj@gmail.com. &nbsp; &nbsp; Jaslice predstavljajo umetni\u0161ko upodobitev rojstva Jezusa Kristusa. Nagovarjajo nas z znamenji in simboli, da bi se bolje poglobili v razmi\u0161ljanju o vsem, kar je Bo\u017ejega. Hkrati nas vabijo k miru v ljudi in med njimi.<\/p>\n","protected":false},"author":1,"featured_media":0,"parent":0,"menu_order":0,"comment_status":"closed","ping_status":"closed","template":"","meta":{"ngg_post_thumbnail":0,"footnotes":""},"class_list":["post-87","page","type-page","status-publish"],"_links":{"self":[{"href":"https:\/\/jaslice-kranj.si\/index.php?rest_route=\/wp\/v2\/pages\/87","targetHints":{"allow":["GET"]}}],"collection":[{"href":"https:\/\/jaslice-kranj.si\/index.php?rest_route=\/wp\/v2\/pages"}],"about":[{"href":"https:\/\/jaslice-kranj.si\/index.php?rest_route=\/wp\/v2\/types\/page"}],"author":[{"embeddable":true,"href":"https:\/\/jaslice-kranj.si\/index.php?rest_route=\/wp\/v2\/users\/1"}],"replies":[{"embeddable":true,"href":"https:\/\/jaslice-kranj.si\/index.php?rest_route=%2Fwp%2Fv2%2Fcomments&post=87"}],"version-history":[{"count":20,"href":"https:\/\/jaslice-kranj.si\/index.php?rest_route=\/wp\/v2\/pages\/87\/revisions"}],"predecessor-version":[{"id":501,"href":"https:\/\/jaslice-kranj.si\/index.php?rest_route=\/wp\/v2\/pages\/87\/revisions\/501"}],"wp:attachment":[{"href":"https:\/\/jaslice-kranj.si\/index.php?rest_route=%2Fwp%2Fv2%2Fmedia&parent=87"}],"curies":[{"name":"wp","href":"https:\/\/api.w.org\/{rel}","templated":true}]}}