{"id":158,"date":"2021-10-20T06:06:28","date_gmt":"2021-10-20T06:06:28","guid":{"rendered":"https:\/\/jaslice-kranj.si\/?page_id=158"},"modified":"2025-12-24T18:47:14","modified_gmt":"2025-12-24T18:47:14","slug":"2018-sveta-noc-200-let","status":"publish","type":"page","link":"https:\/\/jaslice-kranj.si\/?page_id=158","title":{"rendered":"2018 Sveta no\u010d 200 let"},"content":{"rendered":"<p>Ob 200. obletnici nastanka pesmi \u00bbSveta no\u010d\u00ab smo v jaslicah predstavili njen nastanek in pomen, saj gre za eno najbolj prepoznavnih skladb vseh \u010dasov.&nbsp;Uprizorili smo rojstni kraj avtorja pesmi ter kapelo Svete no\u010di v Oberndorfu v Avstriji, kjer je bila pesem prvi\u010d zapeta. Hkrati smo upodobili tudi Jakoba Alja\u017ea, prvega, ki je pesem prevedel in izvedel v cerkvi v Tr\u017ei\u010du. Zato smo v jaslice postavili tudi cerkev Marijinega oznanjenja v Tr\u017ei\u010du, Alja\u017eev dom v Vratih, kip Jakoba Alja\u017ea v Mojstrani in fotografijo rokopisa pesmi \u00bbSveta no\u010d\u00ab.<\/p>\n","protected":false},"excerpt":{"rendered":"<p>Ob 200. obletnici nastanka pesmi \u00bbSveta no\u010d\u00ab smo v jaslicah predstavili njen nastanek in pomen, saj gre za eno najbolj prepoznavnih skladb vseh \u010dasov.&nbsp;Uprizorili smo rojstni kraj avtorja pesmi ter kapelo Svete no\u010di v Oberndorfu v Avstriji, kjer je bila pesem prvi\u010d zapeta. Hkrati smo upodobili tudi Jakoba Alja\u017ea, prvega, ki je pesem prevedel in izvedel v cerkvi v Tr\u017ei\u010du. Zato smo v jaslice postavili tudi cerkev Marijinega oznanjenja v Tr\u017ei\u010du, Alja\u017eev dom v Vratih, kip Jakoba Alja\u017ea v Mojstrani in fotografijo rokopisa pesmi \u00bbSveta no\u010d\u00ab.<\/p>\n","protected":false},"author":1,"featured_media":0,"parent":0,"menu_order":0,"comment_status":"closed","ping_status":"closed","template":"","meta":{"ngg_post_thumbnail":0,"footnotes":""},"class_list":["post-158","page","type-page","status-publish"],"_links":{"self":[{"href":"https:\/\/jaslice-kranj.si\/index.php?rest_route=\/wp\/v2\/pages\/158","targetHints":{"allow":["GET"]}}],"collection":[{"href":"https:\/\/jaslice-kranj.si\/index.php?rest_route=\/wp\/v2\/pages"}],"about":[{"href":"https:\/\/jaslice-kranj.si\/index.php?rest_route=\/wp\/v2\/types\/page"}],"author":[{"embeddable":true,"href":"https:\/\/jaslice-kranj.si\/index.php?rest_route=\/wp\/v2\/users\/1"}],"replies":[{"embeddable":true,"href":"https:\/\/jaslice-kranj.si\/index.php?rest_route=%2Fwp%2Fv2%2Fcomments&post=158"}],"version-history":[{"count":5,"href":"https:\/\/jaslice-kranj.si\/index.php?rest_route=\/wp\/v2\/pages\/158\/revisions"}],"predecessor-version":[{"id":483,"href":"https:\/\/jaslice-kranj.si\/index.php?rest_route=\/wp\/v2\/pages\/158\/revisions\/483"}],"wp:attachment":[{"href":"https:\/\/jaslice-kranj.si\/index.php?rest_route=%2Fwp%2Fv2%2Fmedia&parent=158"}],"curies":[{"name":"wp","href":"https:\/\/api.w.org\/{rel}","templated":true}]}}